{"id":5957,"date":"2021-01-27T09:52:48","date_gmt":"2021-01-27T09:52:48","guid":{"rendered":"http:\/\/www.helst.fi\/?page_id=5702"},"modified":"2021-09-20T08:31:11","modified_gmt":"2021-09-20T08:31:11","slug":"tutkimus-ja-kehitys","status":"publish","type":"page","link":"https:\/\/www.helst.fi\/en\/tutkimus-ja-kehitys\/","title":{"rendered":"Tutkimus ja kehitys"},"content":{"rendered":"<div class=\"wpb-content-wrapper\"><p>[vc_row][vc_column][vc_tta_tabs style=&#8221;theme-styled-minimal&#8221; color=&#8221;white&#8221; spacing=&#8221;&#8221; alignment=&#8221;right&#8221; active_section=&#8221;1&#8243;][vc_tta_section title=&#8221;Tutkimus&#8221; tab_id=&#8221;1611922766464-b5a5a85f-11f6&#8243;][vc_column_text]<\/p>\n<h1>Tutkimus ja kehitys<\/h1>\n<p>[\/vc_column_text][vc_column_text]HELST on nuori, oppimis- ja kehitysorientoitunut arkkitehtitoimisto. Osallistumme aktiivisesti tutkimus- ja kehitysty\u00f6h\u00f6n ja osa tiimist\u00e4mme ty\u00f6skentelee osa-aikaisesti my\u00f6s rakennusalaan liittyviss\u00e4 opetus- ja tutkijateht\u00e4viss\u00e4. Olemme sitoutuneet p\u00e4ivitt\u00e4m\u00e4\u00e4n osaamistamme, jotta voimme tarjota asiakkaillemme kest\u00e4v\u00e4\u00e4, ymp\u00e4rist\u00f6yst\u00e4v\u00e4llist\u00e4, taloudellisesti kannattavaa ja tietenkin my\u00f6s kaunista ja toimivaa arkkitehtuuria. Tutkimuksen sis\u00e4llytt\u00e4minen osaksi suunnittelutoimistoarkea kumpuaa halustamme l\u00f6yt\u00e4\u00e4 uusia tapoja toimia rakennusalalla sen murroksen keskell\u00e4 ja olla mukana ohjaamassa alaamme rakenteellisesti kest\u00e4v\u00e4mp\u00e4\u00e4n suuntaan. Konkretiana t\u00e4st\u00e4 tavoitteesta ryhdyimme toimistolla tutkimaan elinkaariarviointia (Life Cycle Assessment, LCA) ja kustannuslaskentaa, mik\u00e4 johti LASKE-ty\u00f6kalun kehitt\u00e4miseen.[\/vc_column_text][vc_column_text]<strong>YMP\u00c4RIST\u00d6VAIKUTUKSET<\/strong>[\/vc_column_text][vc_column_text]Pyrimme aina jo varhaisessa suunnitteluvaiheessa ymm\u00e4rt\u00e4m\u00e4\u00e4n rakennuksen ymp\u00e4rist\u00f6vaikutuksia, jotta voimme mahdollisimman tehokkaasti ohjata suunnittelua kest\u00e4v\u00e4mp\u00e4\u00e4n suuntaan. Tavoitteenamme on suunnitella ymp\u00e4rist\u00f6yst\u00e4v\u00e4llisi\u00e4 ja terveellisi\u00e4 rakennuksia k\u00e4ytt\u00e4m\u00e4ll\u00e4 materiaaleja, joilla on pieni hiilijalanj\u00e4lki ja iso hiilik\u00e4denj\u00e4lki. T\u00e4m\u00e4 tarkoittaa esimerkiksi niiden materiaalien suosimista, jotka aiheuttavat v\u00e4h\u00e4n hiilidioksidip\u00e4\u00e4st\u00f6j\u00e4 ja toisaalta sitovat itseens\u00e4 hiilt\u00e4 ilmakeh\u00e4st\u00e4. T\u00e4llaisten materiaalien malliesimerkki on puu. Ekologisten materiaalivalintojan lis\u00e4ksi pyrimme suunnittelemaan energiatehokkaita rakennuksia, joiden toiminnalliset p\u00e4\u00e4st\u00f6t ovat pienet. Voit lukea lis\u00e4\u00e4 kest\u00e4v\u00e4st\u00e4 kehityksest\u00e4 <a href=\"https:\/\/www.helst.fi\/en\/tutkimus-ja-kehitys\/#1611922766503-43237d36-eaf0\">t\u00e4\u00e4lt\u00e4<\/a>.<\/p>\n<p>Uuden LASKE-ty\u00f6kalumme avulla voimme laskea suunnittelemamme rakennuksen p\u00e4\u00e4st\u00f6t reaaliajassa ja verrata suunnittelun eri versioita tai eri rakennuksia kesken\u00e4\u00e4n. Voit lukea lis\u00e4\u00e4 LASKE-ty\u00f6kalusta <a href=\"https:\/\/www.helst.fi\/en\/tutkimus-ja-kehitys\/#1611922838506-45934b16-3e53\">t\u00e4\u00e4lt\u00e4<\/a>.[\/vc_column_text][vc_column_text]<strong>TALOUDELLISET VAIKUTUKSET<\/strong>[\/vc_column_text][vc_column_text]Tavoitteemme suunnitella rakennuksia, jotka kuormittavat ymp\u00e4rist\u00f6\u00e4mme mahdollisimman v\u00e4h\u00e4n.Ymp\u00e4rist\u00f6tavoitteiden lis\u00e4ksi rakentamiseen vaikuttavat kuitenkin my\u00f6s asetetut taloudelliset raamit. Siksi olemme paneutuneet my\u00f6s rakentamisen talouspuoleen. Haluamme jo suunnittelun aikana saada k\u00e4sityksen rakennuskustannuksista, jotta voimme etsi\u00e4 parhaan mahdollisen tasapainon ekologian ja ekonomian v\u00e4lill\u00e4.<\/p>\n<p>LASKE-ty\u00f6kalumme avulla on mahdollista reaaliajassa laskea suunnitelmiemme arvioidut rakennuskustannukset. Saatua tietoa hy\u00f6dynt\u00e4en voimme auttaa asiakkaitamme p\u00e4\u00e4sem\u00e4\u00e4n sek\u00e4 laadullisesti ett\u00e4 ymp\u00e4rist\u00f6n kannalta parhaaseen lopputulokseen budjetissa pysyen. Voit lukea lis\u00e4\u00e4 LASKE:n toiminnasta <a href=\"https:\/\/www.helst.fi\/en\/tutkimus-ja-kehitys\/#1611922838506-45934b16-3e53\">t\u00e4\u00e4lt\u00e4<\/a>.[\/vc_column_text][\/vc_tta_section][vc_tta_section title=&#8221;Kest\u00e4v\u00e4 kehitys&#8221; tab_id=&#8221;1611922766503-43237d36-eaf0&#8243;][vc_column_text]<\/p>\n<h1>Kest\u00e4v\u00e4 kehitys<\/h1>\n<p>[\/vc_column_text][vc_column_text]On my\u00f6s arkkitehtuuria m\u00e4\u00e4ritt\u00e4v\u00e4 tekij\u00e4 ett\u00e4 vallitsevat el\u00e4m\u00e4ntapamme ylitt\u00e4v\u00e4t luonnollisen ymp\u00e4rist\u00f6n kantokyvyn. Suomalaisen p\u00e4\u00e4st\u00f6t ovat yli nelinkertaiset suhteutettuna siihen, mik\u00e4 olisi Pariisin ilmastosopimuksen mukaan kest\u00e4v\u00e4\u00e4. Rakennettu ymp\u00e4rist\u00f6 on yksi maailman suurimmista p\u00e4\u00e4st\u00f6jen aiheuttajista. HELST:ill\u00e4 rakennettuun ymp\u00e4rist\u00f6\u00f6n suhtaudutaan ongelman sijaan mahdollisena ratkaisuna, jolla on keskeinen rooli ilmastokriisin hillitsemisess\u00e4.<\/p>\n<p>Euroopan Unionissa rakennukset vastaavat 40 prosentista EU: n kokonaisenergiankulutuksesta ja aiheuttavat 35 prosenttia kaikista kasvihuonep\u00e4\u00e4st\u00f6ist\u00e4. T\u00e4m\u00e4n lis\u00e4ksi puolet kaikista louhituista materiaaleista p\u00e4\u00e4tyv\u00e4t rakennusteollisuuteen, joha liian tehokkaasti muuttaa ne j\u00e4tteeksi. Rakennusala tuottaa nimitt\u00e4in 25\u201330% j\u00e4tteest\u00e4 EU: ssa, joka tekee rakennusteollisuudesta my\u00f6s yhden suurimmista j\u00e4tteiden tuottajista.<\/p>\n<p>T\u00e4m\u00e4nhetkinen ymp\u00e4rist\u00f6kriisi ei ole v\u00e4ltt\u00e4m\u00e4t\u00f6n seuraus nykyel\u00e4m\u00e4st\u00e4 vaan pikemminkin seuruas hyvin ep\u00e4onnistuneesta suunnittelusta ja toteutuksesta. Nykysuunnittelua ei ohjaa v\u00e4h\u00e4p\u00e4\u00e4st\u00f6isyys tai kest\u00e4vyys. Rakentamiseen ja suunnitteluun kohdistuu nyt akuutti paine muuttaa yleisi\u00e4 k\u00e4yt\u00e4nt\u00f6j\u00e4\u00e4n. Sek\u00e4 uudisrakentamiseen ett\u00e4 korjausrakentamiseen on l\u00f6ydett\u00e4v\u00e4 ymp\u00e4rist\u00f6n kannalta kest\u00e4v\u00e4mpi\u00e4 ratkaisuja. Innovaatiota ja uusia ratkaisuja tarvitaan, jotta pystymme pident\u00e4m\u00e4\u00e4n uuden sek\u00e4 olemassa olevan rakennuskannan elinkaarta. Kertak\u00e4ytt\u00f6kulttuuri on j\u00e4rjestelm\u00e4llisesti kitkett\u00e4v\u00e4 pois rakennusteollisuudesta ja rakennuksiin on alettava suhtautumaan v\u00e4liaikaisina materiaalivarastoina.<\/p>\n<p>Kaikesta t\u00e4st\u00e4 johtuen HELST on jatkuvalla oppimispolulla. Koronapandemian alkaessa maailma p\u00e4\u00e4tyi pakosta hyvin nopeatahtiseen muutokseen, ja silloinen turbulenssi \u00e4kisti teki meille mahdolliseksi keskitty\u00e4 kehitt\u00e4m\u00e4\u00e4n uutta suunnitteluty\u00f6kalua. <a href=\"https:\/\/www.helst.fi\/en\/tutkimus-ja-kehitys\/#1611922838506-45934b16-3e53\">LASKE<\/a> on kustannus- ja elinkaarilaskentaty\u00f6kalu, jonka avulla suunnittelutoimistossa on mahdollista ajantasaisen tietomallin avulla jatkuvasti tarkkailla suunnitelman materiaalien vaikutusta sek\u00e4 ymp\u00e4rist\u00f6\u00f6n ett\u00e4 kokonaiskustannuksiin. Ty\u00f6kalun avulla voimme nyt laskea ja viesti\u00e4 selkokielell\u00e4 hankkeittemme ymp\u00e4rist\u00f6vaikutukset, mik\u00e4 helpottaa suunnittelun ohjaamista v\u00e4h\u00e4p\u00e4\u00e4st\u00f6isemm\u00e4ksi.[\/vc_column_text][vc_single_image image=&#8221;5727&#8243; img_size=&#8221;full&#8221; alignment=&#8221;center&#8221;][vc_single_image image=&#8221;5728&#8243; img_size=&#8221;full&#8221; alignment=&#8221;center&#8221;][vc_single_image image=&#8221;5729&#8243; img_size=&#8221;full&#8221; alignment=&#8221;center&#8221;][vc_single_image image=&#8221;5730&#8243; img_size=&#8221;full&#8221; alignment=&#8221;center&#8221;][vc_single_image image=&#8221;5731&#8243; img_size=&#8221;full&#8221; alignment=&#8221;center&#8221;][vc_single_image image=&#8221;5732&#8243; img_size=&#8221;full&#8221; alignment=&#8221;center&#8221;][vc_single_image image=&#8221;5733&#8243; img_size=&#8221;full&#8221; alignment=&#8221;center&#8221;][vc_single_image image=&#8221;5734&#8243; img_size=&#8221;full&#8221; alignment=&#8221;center&#8221;][\/vc_tta_section][vc_tta_section title=&#8221;Laske&#8221; tab_id=&#8221;1611922838506-45934b16-3e53&#8243;][vc_single_image image=&#8221;5712&#8243; img_size=&#8221;medium&#8221; alignment=&#8221;center&#8221; style=&#8221;vc_box_rounded&#8221;][vc_column_text]<\/p>\n<p style=\"text-align: center;\"><em>Suunnitteluty\u00f6kalu, joka ohjaa v\u00e4h\u00e4hiiliseen rakentamiseen<\/em><\/p>\n<p>[\/vc_column_text][vc_column_text]<\/p>\n<h1 style=\"text-align: left;\">LASKE<\/h1>\n<p>[\/vc_column_text][vc_column_text]<span style=\"font-weight: 400;\">Maank\u00e4yt\u00f6ll\u00e4 ja rakentamisella on kauaskantoiset vaikutukset elinymp\u00e4rist\u00f6\u00f6mme<\/span>. Uskomme kuitenkin arkkitehtuurin mahdollisuuksiin olla osana tulevaa muutosta, vaikkakin t\u00e4m\u00e4n muutoksen tavat ovat viel\u00e4 ennakoimattomissa. Omana ensimm\u00e4isen\u00e4 askelenamme, halutessamme edelleen tulevaisuudessakin tarjota asiakkaillemme kest\u00e4v\u00e4\u00e4, edullista, kaunista sek\u00e4 toimivaa arkkitehtuuria, on ollut pysty\u00e4 ymm\u00e4rt\u00e4m\u00e4\u00e4n paremmin mist\u00e4 t\u00e4m\u00e4 arkkitehtuuri oikein koostuu.<\/p>\n<p>Kehitimme uuden suunnitteluty\u00f6kalun nimelt\u00e4 LASKE, jota olemme onnistuneesti jo k\u00e4ytt\u00e4neet arvioidessamme suunnitelmiemme p\u00e4\u00e4st\u00f6j\u00e4 ja rakennuskustannuksia reaaliajassa tietomalliemme pohjalta. Koelaskentojemme ylitetty\u00e4 jo ensimm\u00e4isest\u00e4 kerrasta vuonna 2020 omat positiivisimmatkin arviomme sen t\u00e4sm\u00e4llisyydest\u00e4, olemme jatkaneet ty\u00f6kalun kehitt\u00e4mist\u00e4 ja tiedon ker\u00e4\u00e4mist\u00e4 yhdess\u00e4 asiakkaittemme kanssa. Suunnitteluty\u00f6kalun sis\u00e4lt\u00e4m\u00e4 kova data antaa kiist\u00e4m\u00e4t\u00f6nt\u00e4 palautetta eri ratkaisuiden vaikutuksista niin ymp\u00e4rist\u00f6\u00f6n ett\u00e4 budjettiin, jolloin vaihtoehtojen vertailu on rakentavaa. Voidessamme auttaa asiakkaitamme tiedostamaan paremmin p\u00e4\u00e4t\u00f6ksien vaikutuksia sek\u00e4 ymp\u00e4rist\u00f6- ett\u00e4 taloudellisiin kustannuksiin, perusteltuja muutoksia tottumiimme tapoihin on helppo tehd\u00e4.<\/p>\n<p>Integroimme elinkaariarvioinnin kaikkiin hankkeisiimme jo nyt ja kartutamme innolla osaamistamme suomalaisittain uudessa suunnittelun osa-alueessa. Rakentamisen lains\u00e4\u00e4d\u00e4nt\u00f6 on muuttumassa l\u00e4hitulevaisuudessa ja elinkaariarviointi on tulossa pakolliseksi osaksi lupaprosesseja kun rakennusalaa poliittisesti ohjataan kest\u00e4v\u00e4mp\u00e4\u00e4n suuntaan. Aloittamamme ymm\u00e4rryksen syvent\u00e4minen jo ennenkuin se on pakollista on tapamme osoittaa, ett\u00e4 me v\u00e4lit\u00e4mme ja olemme valmiit muuttamaan erityisesti omia toimintatapojamme voidaksemme olla mukana muuttamassa rakennusalaa sen tarvitsemissa mittasuhteissa.[\/vc_column_text][vc_single_image image=&#8221;5748&#8243; img_size=&#8221;full&#8221; alignment=&#8221;center&#8221;][vc_single_image image=&#8221;5747&#8243; img_size=&#8221;full&#8221; alignment=&#8221;center&#8221;][vc_single_image image=&#8221;5746&#8243; img_size=&#8221;full&#8221; alignment=&#8221;center&#8221;][vc_single_image image=&#8221;5745&#8243; img_size=&#8221;full&#8221; alignment=&#8221;center&#8221;][vc_single_image image=&#8221;5771&#8243; img_size=&#8221;full&#8221; alignment=&#8221;center&#8221;][vc_single_image image=&#8221;5743&#8243; img_size=&#8221;full&#8221; alignment=&#8221;center&#8221;][vc_single_image image=&#8221;5742&#8243; img_size=&#8221;full&#8221; alignment=&#8221;center&#8221;][vc_single_image image=&#8221;5741&#8243; img_size=&#8221;full&#8221; alignment=&#8221;center&#8221;][vc_single_image image=&#8221;5739&#8243; img_size=&#8221;full&#8221; alignment=&#8221;center&#8221;][vc_single_image image=&#8221;5740&#8243; img_size=&#8221;full&#8221; alignment=&#8221;center&#8221;][vc_single_image image=&#8221;5738&#8243; img_size=&#8221;full&#8221; alignment=&#8221;center&#8221;][vc_single_image image=&#8221;5737&#8243; img_size=&#8221;full&#8221; alignment=&#8221;center&#8221;][vc_single_image image=&#8221;5736&#8243; img_size=&#8221;full&#8221; alignment=&#8221;center&#8221;][\/vc_tta_section][\/vc_tta_tabs][\/vc_column][\/vc_row]<\/p>\n<\/div>","protected":false},"excerpt":{"rendered":"<p>[vc_row][vc_column][vc_tta_tabs style=&#8221;theme-styled-minimal&#8221; color=&#8221;white&#8221; spacing=&#8221;&#8221; alignment=&#8221;right&#8221; active_section=&#8221;1&#8243;][vc_tta_section title=&#8221;Tutkimus&#8221; tab_id=&#8221;1611922766464-b5a5a85f-11f6&#8243;][vc_column_text] Tutkimus ja kehitys [\/vc_column_text][vc_column_text]HELST on nuori, oppimis- ja kehitysorientoitunut arkkitehtitoimisto. Osallistumme aktiivisesti tutkimus- ja kehitysty\u00f6h\u00f6n ja osa tiimist\u00e4mme ty\u00f6skentelee osa-aikaisesti my\u00f6s rakennusalaan liittyviss\u00e4 opetus- ja tutkijateht\u00e4viss\u00e4. Olemme sitoutuneet p\u00e4ivitt\u00e4m\u00e4\u00e4n osaamistamme, jotta voimme tarjota asiakkaillemme kest\u00e4v\u00e4\u00e4, ymp\u00e4rist\u00f6yst\u00e4v\u00e4llist\u00e4, taloudellisesti kannattavaa ja tietenkin my\u00f6s kaunista ja toimivaa arkkitehtuuria. Tutkimuksen sis\u00e4llytt\u00e4minen&hellip;<\/p>\n","protected":false},"author":1,"featured_media":0,"parent":0,"menu_order":0,"comment_status":"closed","ping_status":"closed","template":"","meta":{"_acf_changed":false,"footnotes":""},"class_list":["post-5957","page","type-page","status-publish","hentry"],"acf":[],"yoast_head":"<!-- This site is optimized with the Yoast SEO plugin v27.4 - https:\/\/yoast.com\/product\/yoast-seo-wordpress\/ -->\n<title>Tutkimus ja kehitys - HELST<\/title>\n<meta name=\"robots\" content=\"index, follow, max-snippet:-1, max-image-preview:large, max-video-preview:-1\" \/>\n<link rel=\"canonical\" href=\"https:\/\/www.helst.fi\/en\/tutkimus-ja-kehitys\/\" \/>\n<meta property=\"og:locale\" content=\"en_US\" \/>\n<meta property=\"og:type\" content=\"article\" \/>\n<meta property=\"og:title\" content=\"Tutkimus ja kehitys - HELST\" \/>\n<meta property=\"og:description\" content=\"[vc_row][vc_column][vc_tta_tabs style=&#8221;theme-styled-minimal&#8221; color=&#8221;white&#8221; spacing=&#8221;&#8221; alignment=&#8221;right&#8221; active_section=&#8221;1&#8243;][vc_tta_section title=&#8221;Tutkimus&#8221; tab_id=&#8221;1611922766464-b5a5a85f-11f6&#8243;][vc_column_text] Tutkimus ja kehitys [\/vc_column_text][vc_column_text]HELST on nuori, oppimis- ja kehitysorientoitunut arkkitehtitoimisto. Osallistumme aktiivisesti tutkimus- ja kehitysty\u00f6h\u00f6n ja osa tiimist\u00e4mme ty\u00f6skentelee osa-aikaisesti my\u00f6s rakennusalaan liittyviss\u00e4 opetus- ja tutkijateht\u00e4viss\u00e4. Olemme sitoutuneet p\u00e4ivitt\u00e4m\u00e4\u00e4n osaamistamme, jotta voimme tarjota asiakkaillemme kest\u00e4v\u00e4\u00e4, ymp\u00e4rist\u00f6yst\u00e4v\u00e4llist\u00e4, taloudellisesti kannattavaa ja tietenkin my\u00f6s kaunista ja toimivaa arkkitehtuuria. Tutkimuksen sis\u00e4llytt\u00e4minen&hellip;\" \/>\n<meta property=\"og:url\" content=\"https:\/\/www.helst.fi\/en\/tutkimus-ja-kehitys\/\" \/>\n<meta property=\"og:site_name\" content=\"HELST\" \/>\n<meta property=\"article:publisher\" content=\"https:\/\/www.facebook.com\/helst.architects\" \/>\n<meta property=\"article:modified_time\" content=\"2021-09-20T08:31:11+00:00\" \/>\n<meta name=\"twitter:card\" content=\"summary_large_image\" \/>\n<meta name=\"twitter:label1\" content=\"Est. reading time\" \/>\n\t<meta name=\"twitter:data1\" content=\"4 minutes\" \/>\n<script type=\"application\/ld+json\" class=\"yoast-schema-graph\">{\"@context\":\"https:\\\/\\\/schema.org\",\"@graph\":[{\"@type\":\"WebPage\",\"@id\":\"https:\\\/\\\/www.helst.fi\\\/en\\\/tutkimus-ja-kehitys\\\/\",\"url\":\"https:\\\/\\\/www.helst.fi\\\/en\\\/tutkimus-ja-kehitys\\\/\",\"name\":\"Tutkimus ja kehitys - HELST\",\"isPartOf\":{\"@id\":\"https:\\\/\\\/www.helst.fi\\\/en\\\/etusivu\\\/#website\"},\"datePublished\":\"2021-01-27T09:52:48+00:00\",\"dateModified\":\"2021-09-20T08:31:11+00:00\",\"breadcrumb\":{\"@id\":\"https:\\\/\\\/www.helst.fi\\\/en\\\/tutkimus-ja-kehitys\\\/#breadcrumb\"},\"inLanguage\":\"en\",\"potentialAction\":[{\"@type\":\"ReadAction\",\"target\":[\"https:\\\/\\\/www.helst.fi\\\/en\\\/tutkimus-ja-kehitys\\\/\"]}]},{\"@type\":\"BreadcrumbList\",\"@id\":\"https:\\\/\\\/www.helst.fi\\\/en\\\/tutkimus-ja-kehitys\\\/#breadcrumb\",\"itemListElement\":[{\"@type\":\"ListItem\",\"position\":1,\"name\":\"Home\",\"item\":\"https:\\\/\\\/www.helst.fi\\\/en\\\/\"},{\"@type\":\"ListItem\",\"position\":2,\"name\":\"Tutkimus ja kehitys\"}]},{\"@type\":\"WebSite\",\"@id\":\"https:\\\/\\\/www.helst.fi\\\/en\\\/etusivu\\\/#website\",\"url\":\"https:\\\/\\\/www.helst.fi\\\/en\\\/etusivu\\\/\",\"name\":\"HELST\",\"description\":\"Arkkitehdit\",\"publisher\":{\"@id\":\"https:\\\/\\\/www.helst.fi\\\/en\\\/etusivu\\\/#organization\"},\"potentialAction\":[{\"@type\":\"SearchAction\",\"target\":{\"@type\":\"EntryPoint\",\"urlTemplate\":\"https:\\\/\\\/www.helst.fi\\\/en\\\/etusivu\\\/?s={search_term_string}\"},\"query-input\":{\"@type\":\"PropertyValueSpecification\",\"valueRequired\":true,\"valueName\":\"search_term_string\"}}],\"inLanguage\":\"en\"},{\"@type\":\"Organization\",\"@id\":\"https:\\\/\\\/www.helst.fi\\\/en\\\/etusivu\\\/#organization\",\"name\":\"HELST\",\"url\":\"https:\\\/\\\/www.helst.fi\\\/en\\\/etusivu\\\/\",\"logo\":{\"@type\":\"ImageObject\",\"inLanguage\":\"en\",\"@id\":\"https:\\\/\\\/www.helst.fi\\\/en\\\/etusivu\\\/#\\\/schema\\\/logo\\\/image\\\/\",\"url\":\"https:\\\/\\\/www.helst.fi\\\/en\\\/wp-content\\\/uploads\\\/2024\\\/11\\\/HELST_logo_rasterikartta-scaled.jpg\",\"contentUrl\":\"https:\\\/\\\/www.helst.fi\\\/en\\\/wp-content\\\/uploads\\\/2024\\\/11\\\/HELST_logo_rasterikartta-scaled.jpg\",\"width\":2560,\"height\":1067,\"caption\":\"HELST\"},\"image\":{\"@id\":\"https:\\\/\\\/www.helst.fi\\\/en\\\/etusivu\\\/#\\\/schema\\\/logo\\\/image\\\/\"},\"sameAs\":[\"https:\\\/\\\/www.facebook.com\\\/helst.architects\",\"https:\\\/\\\/www.instagram.com\\\/helst_architects\\\/\"]}]}<\/script>\n<!-- \/ Yoast SEO plugin. -->","yoast_head_json":{"title":"Tutkimus ja kehitys - HELST","robots":{"index":"index","follow":"follow","max-snippet":"max-snippet:-1","max-image-preview":"max-image-preview:large","max-video-preview":"max-video-preview:-1"},"canonical":"https:\/\/www.helst.fi\/en\/tutkimus-ja-kehitys\/","og_locale":"en_US","og_type":"article","og_title":"Tutkimus ja kehitys - HELST","og_description":"[vc_row][vc_column][vc_tta_tabs style=&#8221;theme-styled-minimal&#8221; color=&#8221;white&#8221; spacing=&#8221;&#8221; alignment=&#8221;right&#8221; active_section=&#8221;1&#8243;][vc_tta_section title=&#8221;Tutkimus&#8221; tab_id=&#8221;1611922766464-b5a5a85f-11f6&#8243;][vc_column_text] Tutkimus ja kehitys [\/vc_column_text][vc_column_text]HELST on nuori, oppimis- ja kehitysorientoitunut arkkitehtitoimisto. Osallistumme aktiivisesti tutkimus- ja kehitysty\u00f6h\u00f6n ja osa tiimist\u00e4mme ty\u00f6skentelee osa-aikaisesti my\u00f6s rakennusalaan liittyviss\u00e4 opetus- ja tutkijateht\u00e4viss\u00e4. Olemme sitoutuneet p\u00e4ivitt\u00e4m\u00e4\u00e4n osaamistamme, jotta voimme tarjota asiakkaillemme kest\u00e4v\u00e4\u00e4, ymp\u00e4rist\u00f6yst\u00e4v\u00e4llist\u00e4, taloudellisesti kannattavaa ja tietenkin my\u00f6s kaunista ja toimivaa arkkitehtuuria. Tutkimuksen sis\u00e4llytt\u00e4minen&hellip;","og_url":"https:\/\/www.helst.fi\/en\/tutkimus-ja-kehitys\/","og_site_name":"HELST","article_publisher":"https:\/\/www.facebook.com\/helst.architects","article_modified_time":"2021-09-20T08:31:11+00:00","twitter_card":"summary_large_image","twitter_misc":{"Est. reading time":"4 minutes"},"schema":{"@context":"https:\/\/schema.org","@graph":[{"@type":"WebPage","@id":"https:\/\/www.helst.fi\/en\/tutkimus-ja-kehitys\/","url":"https:\/\/www.helst.fi\/en\/tutkimus-ja-kehitys\/","name":"Tutkimus ja kehitys - HELST","isPartOf":{"@id":"https:\/\/www.helst.fi\/en\/etusivu\/#website"},"datePublished":"2021-01-27T09:52:48+00:00","dateModified":"2021-09-20T08:31:11+00:00","breadcrumb":{"@id":"https:\/\/www.helst.fi\/en\/tutkimus-ja-kehitys\/#breadcrumb"},"inLanguage":"en","potentialAction":[{"@type":"ReadAction","target":["https:\/\/www.helst.fi\/en\/tutkimus-ja-kehitys\/"]}]},{"@type":"BreadcrumbList","@id":"https:\/\/www.helst.fi\/en\/tutkimus-ja-kehitys\/#breadcrumb","itemListElement":[{"@type":"ListItem","position":1,"name":"Home","item":"https:\/\/www.helst.fi\/en\/"},{"@type":"ListItem","position":2,"name":"Tutkimus ja kehitys"}]},{"@type":"WebSite","@id":"https:\/\/www.helst.fi\/en\/etusivu\/#website","url":"https:\/\/www.helst.fi\/en\/etusivu\/","name":"HELST","description":"Arkkitehdit","publisher":{"@id":"https:\/\/www.helst.fi\/en\/etusivu\/#organization"},"potentialAction":[{"@type":"SearchAction","target":{"@type":"EntryPoint","urlTemplate":"https:\/\/www.helst.fi\/en\/etusivu\/?s={search_term_string}"},"query-input":{"@type":"PropertyValueSpecification","valueRequired":true,"valueName":"search_term_string"}}],"inLanguage":"en"},{"@type":"Organization","@id":"https:\/\/www.helst.fi\/en\/etusivu\/#organization","name":"HELST","url":"https:\/\/www.helst.fi\/en\/etusivu\/","logo":{"@type":"ImageObject","inLanguage":"en","@id":"https:\/\/www.helst.fi\/en\/etusivu\/#\/schema\/logo\/image\/","url":"https:\/\/www.helst.fi\/en\/wp-content\/uploads\/2024\/11\/HELST_logo_rasterikartta-scaled.jpg","contentUrl":"https:\/\/www.helst.fi\/en\/wp-content\/uploads\/2024\/11\/HELST_logo_rasterikartta-scaled.jpg","width":2560,"height":1067,"caption":"HELST"},"image":{"@id":"https:\/\/www.helst.fi\/en\/etusivu\/#\/schema\/logo\/image\/"},"sameAs":["https:\/\/www.facebook.com\/helst.architects","https:\/\/www.instagram.com\/helst_architects\/"]}]}},"lang":"fi","translations":{"en":5702,"fi":5957,"sv":5964},"pll_sync_post":[],"_links":{"self":[{"href":"https:\/\/www.helst.fi\/en\/wp-json\/wp\/v2\/pages\/5957","targetHints":{"allow":["GET"]}}],"collection":[{"href":"https:\/\/www.helst.fi\/en\/wp-json\/wp\/v2\/pages"}],"about":[{"href":"https:\/\/www.helst.fi\/en\/wp-json\/wp\/v2\/types\/page"}],"author":[{"embeddable":true,"href":"https:\/\/www.helst.fi\/en\/wp-json\/wp\/v2\/users\/1"}],"replies":[{"embeddable":true,"href":"https:\/\/www.helst.fi\/en\/wp-json\/wp\/v2\/comments?post=5957"}],"version-history":[{"count":16,"href":"https:\/\/www.helst.fi\/en\/wp-json\/wp\/v2\/pages\/5957\/revisions"}],"predecessor-version":[{"id":7377,"href":"https:\/\/www.helst.fi\/en\/wp-json\/wp\/v2\/pages\/5957\/revisions\/7377"}],"wp:attachment":[{"href":"https:\/\/www.helst.fi\/en\/wp-json\/wp\/v2\/media?parent=5957"}],"curies":[{"name":"wp","href":"https:\/\/api.w.org\/{rel}","templated":true}]}}