{"id":6751,"date":"2021-05-11T09:15:42","date_gmt":"2021-05-11T09:15:42","guid":{"rendered":"https:\/\/www.helst.fi\/en\/?page_id=6749"},"modified":"2021-05-25T06:45:59","modified_gmt":"2021-05-25T06:45:59","slug":"palvelut","status":"publish","type":"page","link":"https:\/\/www.helst.fi\/en\/palvelut\/","title":{"rendered":"Palvelut"},"content":{"rendered":"<div class=\"wpb-content-wrapper\"><p>[vc_row][vc_column][vc_column_text]<\/p>\n<h1>Palvelut<\/h1>\n<p>[\/vc_column_text][vc_column_text]HELST on nuori arkkitehtitoimisto Helsingist\u00e4. Suunnittelumme l\u00e4htee aina asiakkaan tarpeista. Pyrimme suunnittelemaan asiakkaillemme juuri sit\u00e4, mit\u00e4 he mieluiten haluavat. Siksi nimemme onkin HELST, joka ruotsiksi tarkoittaa juurikin \u201dmieluiten\u201d. Meid\u00e4n pieni mutta monikielinen tiimimme palvelee teit\u00e4 suomeksi, ruotsiksi, norjaksi, englanniksi, portugaliksi, espanjaksi, italiaksi tai vaikkapa ranskaksi.<\/p>\n<p>Toimistollamme on paljon kokemusta pientaloista mutta teemme my\u00f6s suurempia projekteja. Ty\u00f6p\u00f6yd\u00e4ll\u00e4mme on t\u00e4ll\u00e4 hetkell\u00e4 erilaisia pientaloja, muutama puukerrostalo sek\u00e4 pari hyvin kiinnostavaa tehdasrakennusta, jotka muutetaan muun muassa asunnoiksi ja toimistoiksi. Uudishankkeiden lis\u00e4ksi haluamme tuoda uutta el\u00e4m\u00e4\u00e4 olemassa oleviin rakennuksiin ja siten pitkitt\u00e4\u00e4 niiden elinkaarta.<\/p>\n<p>Haluamme hyv\u00e4ll\u00e4 suunnittelulla olla rakentamassa parempaa huomista. Siksi ymp\u00e4rist\u00f6arvot ovat meille t\u00e4rkeit\u00e4. T\u00e4st\u00e4 syyst\u00e4 me pyrimme suunnittelemaan ymp\u00e4rist\u00f6yst\u00e4v\u00e4llisi\u00e4, terveellisi\u00e4, kauniita ja aikaa kest\u00e4vi\u00e4 rakennuksia.<\/p>\n<p>Sen lis\u00e4ksi, ett\u00e4 tarjoamme suunnittelupalveluita, teemme my\u00f6s hankkeistamme elinkaari- ja kustannusarvioita.[\/vc_column_text][\/vc_column][\/vc_row][vc_row gap=&#8221;30&#8243; equal_height=&#8221;yes&#8221; rtl_reverse=&#8221;yes&#8221; content_placement=&#8221;middle&#8221; reveal_effect=&#8221;&#8221; reveal_duration=&#8221;&#8221; reveal_delay=&#8221;&#8221; css=&#8221;.vc_custom_1620808828923{margin-top: 0px !important;margin-right: 0px !important;margin-bottom: 0px !important;margin-left: 0px !important;border-top-width: 0px !important;border-right-width: 0px !important;border-bottom-width: 0px !important;border-left-width: 0px !important;padding-top: 0px !important;padding-right: 0px !important;padding-bottom: 0px !important;padding-left: 0px !important;background-color: #ffffff !important;}&#8221;][vc_column width=&#8221;1\/3&#8243; css=&#8221;.vc_custom_1620808407453{background-image: url(https:\/\/www.helst.fi\/en\/wp-content\/uploads\/2020\/03\/Loki_kansi_5.gif?id=6209) !important;background-position: center !important;background-repeat: no-repeat !important;background-size: cover !important;}&#8221;][vc_empty_space height=&#8221;110px&#8221;][vc_btn title=&#8221;<b>Pientalot<\/b>&#8221; style=&#8221;classic&#8221; color=&#8221;white&#8221; size=&#8221;lg&#8221; align=&#8221;center&#8221; css_animation=&#8221;zoomIn&#8221; link=&#8221;url:https%3A%2F%2Fwww.helst.fi%2Fen%2Fpientalot%2F|title:Pientalot&#8221;][vc_empty_space height=&#8221;110px&#8221;][\/vc_column][vc_column width=&#8221;1\/3&#8243; css=&#8221;.vc_custom_1620808396357{background-image: url(https:\/\/www.helst.fi\/en\/wp-content\/uploads\/2021\/04\/GATAN_7-1.gif?id=6668) !important;background-position: center !important;background-repeat: no-repeat !important;background-size: cover !important;}&#8221;][vc_empty_space height=&#8221;110px&#8221;][vc_btn title=&#8221;<b>Puukerrostalot<\/b>&#8221; style=&#8221;classic&#8221; color=&#8221;white&#8221; size=&#8221;lg&#8221; align=&#8221;center&#8221; css_animation=&#8221;zoomIn&#8221; link=&#8221;url:https%3A%2F%2Fwww.helst.fi%2Fen%2Fpuukerrostalot%2F|title:Puukerrostalot&#8221;][vc_empty_space height=&#8221;110px&#8221;][\/vc_column][vc_column width=&#8221;1\/3&#8243; css=&#8221;.vc_custom_1620808384384{background-image: url(https:\/\/www.helst.fi\/en\/wp-content\/uploads\/2018\/06\/DSC_0053.jpg?id=6020) !important;background-position: center !important;background-repeat: no-repeat !important;background-size: cover !important;}&#8221;][vc_empty_space height=&#8221;110px&#8221;][vc_btn title=&#8221;<b>Toimistot<\/b>&#8221; style=&#8221;classic&#8221; color=&#8221;white&#8221; size=&#8221;lg&#8221; align=&#8221;center&#8221; css_animation=&#8221;zoomIn&#8221;][vc_empty_space height=&#8221;110px&#8221;][\/vc_column][\/vc_row][vc_row gap=&#8221;30&#8243; equal_height=&#8221;yes&#8221; rtl_reverse=&#8221;yes&#8221; content_placement=&#8221;middle&#8221; reveal_effect=&#8221;&#8221; reveal_duration=&#8221;&#8221; reveal_delay=&#8221;&#8221; css=&#8221;.vc_custom_1620808905905{margin-top: 0px !important;margin-right: 0px !important;margin-bottom: 0px !important;margin-left: 0px !important;border-top-width: 0px !important;border-right-width: 0px !important;border-bottom-width: 0px !important;border-left-width: 0px !important;padding-top: 0px !important;padding-right: 0px !important;padding-bottom: 0px !important;padding-left: 0px !important;background-color: #ffffff !important;}&#8221;][vc_column width=&#8221;1\/3&#8243; css=&#8221;.vc_custom_1620808506636{background-image: url(https:\/\/www.helst.fi\/en\/wp-content\/uploads\/2020\/03\/DSC_0040-1-scaled.gif?id=6049) !important;background-position: center !important;background-repeat: no-repeat !important;background-size: cover !important;}&#8221;][vc_empty_space height=&#8221;110px&#8221;][vc_btn title=&#8221;<b>Sisustus<\/b>&#8221; style=&#8221;classic&#8221; color=&#8221;white&#8221; size=&#8221;lg&#8221; align=&#8221;center&#8221; css_animation=&#8221;zoomIn&#8221;][vc_empty_space height=&#8221;110px&#8221;][\/vc_column][vc_column width=&#8221;1\/3&#8243; css=&#8221;.vc_custom_1620808495097{background-image: url(https:\/\/www.helst.fi\/en\/wp-content\/uploads\/2021\/02\/p\u00e4rm_genero.gif?id=5996) !important;background-position: center !important;background-repeat: no-repeat !important;background-size: cover !important;}&#8221;][vc_empty_space height=&#8221;110px&#8221;][vc_btn title=&#8221;<b>Korjausrakentaminen<\/b>&#8221; style=&#8221;classic&#8221; color=&#8221;white&#8221; size=&#8221;lg&#8221; align=&#8221;center&#8221; css_animation=&#8221;zoomIn&#8221;][vc_empty_space height=&#8221;110px&#8221;][\/vc_column][vc_column width=&#8221;1\/3&#8243; css=&#8221;.vc_custom_1620808479383{background-image: url(https:\/\/www.helst.fi\/en\/wp-content\/uploads\/2021\/05\/IMG_8644_web.jpg?id=6732) !important;background-position: center !important;background-repeat: no-repeat !important;background-size: cover !important;}&#8221;][vc_empty_space height=&#8221;110px&#8221;][vc_btn title=&#8221;<b>Julkiset rakennukset<\/b>&#8221; style=&#8221;classic&#8221; color=&#8221;white&#8221; size=&#8221;lg&#8221; align=&#8221;center&#8221; css_animation=&#8221;zoomIn&#8221;][vc_empty_space height=&#8221;110px&#8221;][\/vc_column][\/vc_row]<\/p>\n<\/div>","protected":false},"excerpt":{"rendered":"<p>[vc_row][vc_column][vc_column_text] Palvelut [\/vc_column_text][vc_column_text]HELST on nuori arkkitehtitoimisto Helsingist\u00e4. Suunnittelumme l\u00e4htee aina asiakkaan tarpeista. Pyrimme suunnittelemaan asiakkaillemme juuri sit\u00e4, mit\u00e4 he mieluiten haluavat. Siksi nimemme onkin HELST, joka ruotsiksi tarkoittaa juurikin \u201dmieluiten\u201d. Meid\u00e4n pieni mutta monikielinen tiimimme palvelee teit\u00e4 suomeksi, ruotsiksi, norjaksi, englanniksi, portugaliksi, espanjaksi, italiaksi tai vaikkapa ranskaksi. Toimistollamme on paljon kokemusta pientaloista mutta teemme my\u00f6s&hellip;<\/p>\n","protected":false},"author":4,"featured_media":0,"parent":0,"menu_order":0,"comment_status":"closed","ping_status":"closed","template":"","meta":{"_acf_changed":false,"footnotes":""},"class_list":["post-6751","page","type-page","status-publish","hentry"],"acf":[],"yoast_head":"<!-- This site is optimized with the Yoast SEO plugin v27.4 - https:\/\/yoast.com\/product\/yoast-seo-wordpress\/ -->\n<title>Palvelut - HELST<\/title>\n<meta name=\"robots\" content=\"index, follow, max-snippet:-1, max-image-preview:large, max-video-preview:-1\" \/>\n<link rel=\"canonical\" href=\"https:\/\/www.helst.fi\/en\/palvelut\/\" \/>\n<meta property=\"og:locale\" content=\"en_US\" \/>\n<meta property=\"og:type\" content=\"article\" \/>\n<meta property=\"og:title\" content=\"Palvelut - HELST\" \/>\n<meta property=\"og:description\" content=\"[vc_row][vc_column][vc_column_text] Palvelut [\/vc_column_text][vc_column_text]HELST on nuori arkkitehtitoimisto Helsingist\u00e4. Suunnittelumme l\u00e4htee aina asiakkaan tarpeista. Pyrimme suunnittelemaan asiakkaillemme juuri sit\u00e4, mit\u00e4 he mieluiten haluavat. Siksi nimemme onkin HELST, joka ruotsiksi tarkoittaa juurikin \u201dmieluiten\u201d. Meid\u00e4n pieni mutta monikielinen tiimimme palvelee teit\u00e4 suomeksi, ruotsiksi, norjaksi, englanniksi, portugaliksi, espanjaksi, italiaksi tai vaikkapa ranskaksi. Toimistollamme on paljon kokemusta pientaloista mutta teemme my\u00f6s&hellip;\" \/>\n<meta property=\"og:url\" content=\"https:\/\/www.helst.fi\/en\/palvelut\/\" \/>\n<meta property=\"og:site_name\" content=\"HELST\" \/>\n<meta property=\"article:publisher\" content=\"https:\/\/www.facebook.com\/helst.architects\" \/>\n<meta property=\"article:modified_time\" content=\"2021-05-25T06:45:59+00:00\" \/>\n<meta name=\"twitter:card\" content=\"summary_large_image\" \/>\n<meta name=\"twitter:label1\" content=\"Est. reading time\" \/>\n\t<meta name=\"twitter:data1\" content=\"2 minutes\" \/>\n<script type=\"application\/ld+json\" class=\"yoast-schema-graph\">{\"@context\":\"https:\\\/\\\/schema.org\",\"@graph\":[{\"@type\":\"WebPage\",\"@id\":\"https:\\\/\\\/www.helst.fi\\\/en\\\/palvelut\\\/\",\"url\":\"https:\\\/\\\/www.helst.fi\\\/en\\\/palvelut\\\/\",\"name\":\"Palvelut - HELST\",\"isPartOf\":{\"@id\":\"https:\\\/\\\/www.helst.fi\\\/en\\\/etusivu\\\/#website\"},\"datePublished\":\"2021-05-11T09:15:42+00:00\",\"dateModified\":\"2021-05-25T06:45:59+00:00\",\"breadcrumb\":{\"@id\":\"https:\\\/\\\/www.helst.fi\\\/en\\\/palvelut\\\/#breadcrumb\"},\"inLanguage\":\"en\",\"potentialAction\":[{\"@type\":\"ReadAction\",\"target\":[\"https:\\\/\\\/www.helst.fi\\\/en\\\/palvelut\\\/\"]}]},{\"@type\":\"BreadcrumbList\",\"@id\":\"https:\\\/\\\/www.helst.fi\\\/en\\\/palvelut\\\/#breadcrumb\",\"itemListElement\":[{\"@type\":\"ListItem\",\"position\":1,\"name\":\"Home\",\"item\":\"https:\\\/\\\/www.helst.fi\\\/en\\\/\"},{\"@type\":\"ListItem\",\"position\":2,\"name\":\"Palvelut\"}]},{\"@type\":\"WebSite\",\"@id\":\"https:\\\/\\\/www.helst.fi\\\/en\\\/etusivu\\\/#website\",\"url\":\"https:\\\/\\\/www.helst.fi\\\/en\\\/etusivu\\\/\",\"name\":\"HELST\",\"description\":\"Arkkitehdit\",\"publisher\":{\"@id\":\"https:\\\/\\\/www.helst.fi\\\/en\\\/etusivu\\\/#organization\"},\"potentialAction\":[{\"@type\":\"SearchAction\",\"target\":{\"@type\":\"EntryPoint\",\"urlTemplate\":\"https:\\\/\\\/www.helst.fi\\\/en\\\/etusivu\\\/?s={search_term_string}\"},\"query-input\":{\"@type\":\"PropertyValueSpecification\",\"valueRequired\":true,\"valueName\":\"search_term_string\"}}],\"inLanguage\":\"en\"},{\"@type\":\"Organization\",\"@id\":\"https:\\\/\\\/www.helst.fi\\\/en\\\/etusivu\\\/#organization\",\"name\":\"HELST\",\"url\":\"https:\\\/\\\/www.helst.fi\\\/en\\\/etusivu\\\/\",\"logo\":{\"@type\":\"ImageObject\",\"inLanguage\":\"en\",\"@id\":\"https:\\\/\\\/www.helst.fi\\\/en\\\/etusivu\\\/#\\\/schema\\\/logo\\\/image\\\/\",\"url\":\"https:\\\/\\\/www.helst.fi\\\/en\\\/wp-content\\\/uploads\\\/2024\\\/11\\\/HELST_logo_rasterikartta-scaled.jpg\",\"contentUrl\":\"https:\\\/\\\/www.helst.fi\\\/en\\\/wp-content\\\/uploads\\\/2024\\\/11\\\/HELST_logo_rasterikartta-scaled.jpg\",\"width\":2560,\"height\":1067,\"caption\":\"HELST\"},\"image\":{\"@id\":\"https:\\\/\\\/www.helst.fi\\\/en\\\/etusivu\\\/#\\\/schema\\\/logo\\\/image\\\/\"},\"sameAs\":[\"https:\\\/\\\/www.facebook.com\\\/helst.architects\",\"https:\\\/\\\/www.instagram.com\\\/helst_architects\\\/\"]}]}<\/script>\n<!-- \/ Yoast SEO plugin. -->","yoast_head_json":{"title":"Palvelut - HELST","robots":{"index":"index","follow":"follow","max-snippet":"max-snippet:-1","max-image-preview":"max-image-preview:large","max-video-preview":"max-video-preview:-1"},"canonical":"https:\/\/www.helst.fi\/en\/palvelut\/","og_locale":"en_US","og_type":"article","og_title":"Palvelut - HELST","og_description":"[vc_row][vc_column][vc_column_text] Palvelut [\/vc_column_text][vc_column_text]HELST on nuori arkkitehtitoimisto Helsingist\u00e4. Suunnittelumme l\u00e4htee aina asiakkaan tarpeista. Pyrimme suunnittelemaan asiakkaillemme juuri sit\u00e4, mit\u00e4 he mieluiten haluavat. Siksi nimemme onkin HELST, joka ruotsiksi tarkoittaa juurikin \u201dmieluiten\u201d. Meid\u00e4n pieni mutta monikielinen tiimimme palvelee teit\u00e4 suomeksi, ruotsiksi, norjaksi, englanniksi, portugaliksi, espanjaksi, italiaksi tai vaikkapa ranskaksi. Toimistollamme on paljon kokemusta pientaloista mutta teemme my\u00f6s&hellip;","og_url":"https:\/\/www.helst.fi\/en\/palvelut\/","og_site_name":"HELST","article_publisher":"https:\/\/www.facebook.com\/helst.architects","article_modified_time":"2021-05-25T06:45:59+00:00","twitter_card":"summary_large_image","twitter_misc":{"Est. reading time":"2 minutes"},"schema":{"@context":"https:\/\/schema.org","@graph":[{"@type":"WebPage","@id":"https:\/\/www.helst.fi\/en\/palvelut\/","url":"https:\/\/www.helst.fi\/en\/palvelut\/","name":"Palvelut - HELST","isPartOf":{"@id":"https:\/\/www.helst.fi\/en\/etusivu\/#website"},"datePublished":"2021-05-11T09:15:42+00:00","dateModified":"2021-05-25T06:45:59+00:00","breadcrumb":{"@id":"https:\/\/www.helst.fi\/en\/palvelut\/#breadcrumb"},"inLanguage":"en","potentialAction":[{"@type":"ReadAction","target":["https:\/\/www.helst.fi\/en\/palvelut\/"]}]},{"@type":"BreadcrumbList","@id":"https:\/\/www.helst.fi\/en\/palvelut\/#breadcrumb","itemListElement":[{"@type":"ListItem","position":1,"name":"Home","item":"https:\/\/www.helst.fi\/en\/"},{"@type":"ListItem","position":2,"name":"Palvelut"}]},{"@type":"WebSite","@id":"https:\/\/www.helst.fi\/en\/etusivu\/#website","url":"https:\/\/www.helst.fi\/en\/etusivu\/","name":"HELST","description":"Arkkitehdit","publisher":{"@id":"https:\/\/www.helst.fi\/en\/etusivu\/#organization"},"potentialAction":[{"@type":"SearchAction","target":{"@type":"EntryPoint","urlTemplate":"https:\/\/www.helst.fi\/en\/etusivu\/?s={search_term_string}"},"query-input":{"@type":"PropertyValueSpecification","valueRequired":true,"valueName":"search_term_string"}}],"inLanguage":"en"},{"@type":"Organization","@id":"https:\/\/www.helst.fi\/en\/etusivu\/#organization","name":"HELST","url":"https:\/\/www.helst.fi\/en\/etusivu\/","logo":{"@type":"ImageObject","inLanguage":"en","@id":"https:\/\/www.helst.fi\/en\/etusivu\/#\/schema\/logo\/image\/","url":"https:\/\/www.helst.fi\/en\/wp-content\/uploads\/2024\/11\/HELST_logo_rasterikartta-scaled.jpg","contentUrl":"https:\/\/www.helst.fi\/en\/wp-content\/uploads\/2024\/11\/HELST_logo_rasterikartta-scaled.jpg","width":2560,"height":1067,"caption":"HELST"},"image":{"@id":"https:\/\/www.helst.fi\/en\/etusivu\/#\/schema\/logo\/image\/"},"sameAs":["https:\/\/www.facebook.com\/helst.architects","https:\/\/www.instagram.com\/helst_architects\/"]}]}},"lang":"fi","translations":{"en":6749,"fi":6751},"pll_sync_post":[],"_links":{"self":[{"href":"https:\/\/www.helst.fi\/en\/wp-json\/wp\/v2\/pages\/6751","targetHints":{"allow":["GET"]}}],"collection":[{"href":"https:\/\/www.helst.fi\/en\/wp-json\/wp\/v2\/pages"}],"about":[{"href":"https:\/\/www.helst.fi\/en\/wp-json\/wp\/v2\/types\/page"}],"author":[{"embeddable":true,"href":"https:\/\/www.helst.fi\/en\/wp-json\/wp\/v2\/users\/4"}],"replies":[{"embeddable":true,"href":"https:\/\/www.helst.fi\/en\/wp-json\/wp\/v2\/comments?post=6751"}],"version-history":[{"count":89,"href":"https:\/\/www.helst.fi\/en\/wp-json\/wp\/v2\/pages\/6751\/revisions"}],"predecessor-version":[{"id":6861,"href":"https:\/\/www.helst.fi\/en\/wp-json\/wp\/v2\/pages\/6751\/revisions\/6861"}],"wp:attachment":[{"href":"https:\/\/www.helst.fi\/en\/wp-json\/wp\/v2\/media?parent=6751"}],"curies":[{"name":"wp","href":"https:\/\/api.w.org\/{rel}","templated":true}]}}